{"id":8111,"date":"2018-10-22T13:47:56","date_gmt":"2018-10-22T13:47:56","guid":{"rendered":"https:\/\/trcompliance.com\/trc-facilities-ehs-legal-compliance\/"},"modified":"2025-05-10T14:23:56","modified_gmt":"2025-05-10T14:23:56","slug":"trc-facilities-ehs-legal-compliance","status":"publish","type":"page","link":"https:\/\/trcompliance.com\/en\/trc-facilities-ehs-legal-compliance\/","title":{"rendered":"TRC Facilities &#8211; EHS Legal Compliance"},"content":{"rendered":"<div class=\"wpb-content-wrapper\"><p>[vc_row full_width=&#8221;stretch_row&#8221; css=&#8221;.vc_custom_1724261799906{padding-top: 120px !important;padding-bottom: 120px !important;background-image: url(https:\/\/trcompliance.com\/wp-content\/uploads\/2024\/08\/22852415_xxl-scaled.jpg?id=7673) !important;background-position: center !important;background-repeat: no-repeat !important;background-size: cover !important;}&#8221; el_class=&#8221;under-menu-topbar&#8221;][vc_column offset=&#8221;vc_col-lg-offset-0 vc_col-md-offset-0 vc_col-sm-offset-0 vc_col-xs-offset-2 vc_col-xs-8&#8243;]<header class=\"kd-section-title vc_col-lg-6 vc_col-sm-8 text-center     vc_custom_1724262965207\" ><h1 class=\"separator_off\" style=\"color: #ffffff;font-size: 80px;\">TRC EHS<\/h1><h4 class=\"subtitle \" style=\"color: #ffffff;font-size: 30px;\">simple and intuitive management of<br \/>\nlegal requirements applicable to each facility<\/h4><\/header>[\/vc_column][\/vc_row][vc_row css=&#8221;.vc_custom_1555661798285{margin-top: -100px !important;padding-top: 70px !important;padding-right: 50px !important;padding-left: 50px !important;background-color: #ffffff !important;}&#8221;][vc_column][vc_row_inner][vc_column_inner width=&#8221;1\/3&#8243; css=&#8221;.vc_custom_1519734939213{padding-right: 50px !important;}&#8221; offset=&#8221;vc_col-lg-4 vc_col-md-12&#8243;][vc_custom_heading text=&#8221;Your Legal Compliance<br \/>\nSolution&#8221; font_container=&#8221;tag:h2|font_size:30px|text_align:left|line_height:42px&#8221; use_theme_fonts=&#8221;yes&#8221; css=&#8221;&#8221;][\/vc_column_inner][vc_column_inner width=&#8221;2\/3&#8243; offset=&#8221;vc_col-lg-8 vc_col-md-12&#8243;][vc_custom_heading text=&#8221;Manage your compliance obligations efficiently by focusing on the information applicable to each facility, automating audit processes, and licence deadlines, reports, and actions!&#8221; font_container=&#8221;tag:h6|text_align:left&#8221; use_theme_fonts=&#8221;yes&#8221; css=&#8221;&#8221;][\/vc_column_inner][\/vc_row_inner][\/vc_column][\/vc_row][vc_row kd_top_separator_style=&#8221;rounded-up&#8221; kd_top_separator_height=&#8221;separator-height-small&#8221; kd_bottom_separator_style=&#8221;rounded-up&#8221; kd_bottom_separator_height=&#8221;separator-height-small&#8221; kd_top_separator=&#8221;true&#8221; kd_bottom_separator=&#8221;true&#8221; css=&#8221;.vc_custom_1726743591719{margin-top: 30px !important;margin-bottom: 30px !important;background-color: #dddddd !important;}&#8221;][vc_column]<a  href=\"https:\/\/ehs.risk-off.com\/login\"  target=\"_self\"  title=\"\" class=\"tt_button tt_primary_button btn_primary_color  button-center button-action-link icon_left\" ><span class=\"fas fa-sign-in-alt iconita\"><\/span><span class=\"prim_text\">LOGIN | Access the Tool<\/span><\/a>[\/vc_column][\/vc_row][vc_row css=&#8221;.vc_custom_1724325766153{margin-top: 30px !important;margin-bottom: 30px !important;}&#8221;][vc_column][vc_custom_heading text=&#8221;Fields of Expertise&#8221; font_container=&#8221;tag:h2|text_align:left|color:%23ffb30d&#8221; use_theme_fonts=&#8221;yes&#8221; css=&#8221;.vc_custom_1724314636547{padding-top: 50px !important;}&#8221;][\/vc_column][vc_column width=&#8221;1\/6&#8243;]<div class=\"key-icon-box icon-default icon-top cont-center ib-no-effect\" style=\"background-color: transparent;\" ><i class=\"iconsmind-Environmental-3 iconsmind-Nature\" style=\" \"><\/i> <h5 class=\"service-heading\" >Environment<\/h5><\/div>[\/vc_column][vc_column width=&#8221;1\/6&#8243;]<div class=\"key-icon-box icon-default icon-top cont-center ib-no-effect\" style=\"background-color: transparent;\" ><i class=\"iconsmind-Helmet iconsmind-Industry\" style=\" \"><\/i> <h5 class=\"service-heading\" >HSE<\/h5><\/div>[\/vc_column][vc_column width=&#8221;1\/6&#8243;]<div class=\"key-icon-box icon-default icon-top cont-center ib-no-effect\" style=\"background-color: transparent;\" ><i class=\"iconsmind-Wine-Glass iconsmind-Food-Drinks\" style=\" \"><\/i> <h5 class=\"service-heading\" >Food<\/h5><\/div>[\/vc_column][vc_column width=&#8221;1\/6&#8243;]<div class=\"key-icon-box icon-default icon-top cont-center ib-no-effect\" style=\"background-color: transparent;\" ><i class=\"iconsmind-Green-Energy iconsmind-Nature\" style=\" \"><\/i> <h5 class=\"service-heading\" >Energy<\/h5><\/div>[\/vc_column][vc_column width=&#8221;1\/6&#8243;]<div class=\"key-icon-box icon-default icon-top cont-center ib-no-effect\" style=\"background-color: transparent;\" ><i class=\"iconsmind-Equalizer iconsmind-Music\" style=\" \"><\/i> <h5 class=\"service-heading\" >Quality<\/h5><\/div>[\/vc_column][vc_column width=&#8221;1\/6&#8243;]<div class=\"key-icon-box icon-default icon-top cont-center ib-no-effect\" style=\"background-color: transparent;\" ><i class=\"iconsmind-Professor iconsmind-People\" style=\" \"><\/i> <h5 class=\"service-heading\" >Product<\/h5><\/div>[\/vc_column][vc_column parallax=&#8221;content-moving-fade&#8221; parallax_image=&#8221;7698&#8243;][vc_empty_space][vc_cta h2=&#8221;Ask for a demo&#8221; h2_font_container=&#8221;tag:h2|text_align:left|color:%23ffffff&#8221; h2_use_theme_fonts=&#8221;yes&#8221; h4=&#8221;Tell us what you need so we can present you with the best solution and show you how we work and the tools we use.&#8221; h4_font_container=&#8221;tag:h4|text_align:left|color:%23ffffff&#8221; h4_use_theme_fonts=&#8221;yes&#8221; style=&#8221;outline&#8221; color=&#8221;grey&#8221; add_button=&#8221;right&#8221; btn_title=&#8221;Book&#8221; btn_style=&#8221;classic&#8221; btn_color=&#8221;warning&#8221; btn_size=&#8221;lg&#8221; css=&#8221;.vc_custom_1735294198859{padding-top: 40px !important;padding-bottom: 40px !important;background-image: url(https:\/\/trcompliance.com\/wp-content\/uploads\/2024\/08\/painel-inst.png?id=7698) !important;}&#8221; use_custom_fonts_h2=&#8221;true&#8221; use_custom_fonts_h4=&#8221;true&#8221; btn_link=&#8221;url:https%3A%2F%2Fmeetings.engagebay.com%2Ftrc|target:_blank|&#8221;][\/vc_cta][\/vc_column][\/vc_row][vc_row css=&#8221;.vc_custom_1724327944154{padding-bottom: 50px !important;}&#8221;][vc_column css=&#8221;.vc_custom_1724314887002{margin-top: 30px !important;margin-bottom: 30px !important;}&#8221;][vc_custom_heading text=&#8221;Our approach&#8221; font_container=&#8221;tag:h2|text_align:left|color:%23ffb30d&#8221; use_theme_fonts=&#8221;yes&#8221; css=&#8221;.vc_custom_1724327964060{margin-bottom: 25px !important;border-bottom-width: 25px !important;padding-bottom: 30px !important;}&#8221;]\r\n            <div class=\"kd-process-steps process_five_elem process-checkbox-template \">\r\n                <ul>\r\n                <li class=\"pss-item  \"  >\r\n                    <div class=\"pss-container\"><div class=\"pss-step-number\"><span >1<\/span><\/div><div class=\"pss-img-area\"><div class=\"process-icon\"><i class=\"iconsmind-Check-2 iconsmind-Interface\" style=\" \"><\/i><\/div><\/div><div class=\"pss-text-area\">\r\n                            <h5 >Legal Compliance Audit<\/h5>\r\n                            <p >Site visit<br \/>\nIdentification of legal requirements<br \/>\nAssessment of compliance status<\/p><\/div>\r\n                    <\/div>\r\n                <\/li>\r\n                <li class=\"pss-item  \"  >\r\n                    <div class=\"pss-container\"><div class=\"pss-step-number\"><span >2<\/span><\/div><div class=\"pss-img-area\"><div class=\"process-icon\"><i class=\"fas fa-cogs\" style=\" \"><\/i><\/div><\/div><div class=\"pss-text-area\">\r\n                            <h5 >App Configuration<\/h5>\r\n                            <p >Configuration of the application in accordance with the Organisation&apos;s profile, number of installations, people and access profiles, as well as information collected during the legal compliance audit.<\/p><\/div>\r\n                    <\/div>\r\n                <\/li>\r\n                <li class=\"pss-item  \"  >\r\n                    <div class=\"pss-container\"><div class=\"pss-step-number\"><span >3<\/span><\/div><div class=\"pss-img-area\"><div class=\"process-icon\"><i class=\"fas fa-graduation-cap\" style=\" \"><\/i><\/div><\/div><div class=\"pss-text-area\">\r\n                            <h5 >Training<\/h5>\r\n                            <p >Training for the team on how to use the application, with the option of including practical training on the legal requirements applicable to the Client&apos;s facilities. This training is DGERT certified. <\/p><\/div>\r\n                    <\/div>\r\n                <\/li>\r\n                <li class=\"pss-item  \"  >\r\n                    <div class=\"pss-container\"><div class=\"pss-step-number\"><span >4<\/span><\/div><div class=\"pss-img-area\"><div class=\"process-icon\"><i class=\"iconsmind-Monitor-Analytics iconsmind-Seo-Icons\" style=\" \"><\/i><\/div><\/div><div class=\"pss-text-area\">\r\n                            <h5 >Monitoring Legal Requirements<\/h5>\r\n                            <p >Continuous monitoring of legal requirements, identifying those applicable to the client, who is periodically notified of any new requirements that apply to them.<\/p><\/div>\r\n                    <\/div>\r\n                <\/li>\r\n                <li class=\"pss-item  \"  >\r\n                    <div class=\"pss-container\"><div class=\"pss-step-number\"><span >5<\/span><\/div><div class=\"pss-img-area\"><div class=\"process-icon\"><i class=\"fas fa-user-edit\" style=\" \"><\/i><\/div><\/div><div class=\"pss-text-area\">\r\n                            <h5 >Updates &amp; Technical Support<\/h5>\r\n                            <p >Regular follow-up with the client to update information, review defined action plans and analyse the impact of new legal requirements. Clarification of doubts by TRC&apos;s technical team. <\/p><\/div>\r\n                    <\/div>\r\n                <\/li><\/ul>\r\n            <\/div>[\/vc_column][\/vc_row][vc_row css=&#8221;.vc_custom_1724327991093{margin-bottom: 30px !important;}&#8221;][vc_column][vc_custom_heading text=&#8221;Service Levels&#8221; font_container=&#8221;tag:h2|text_align:left|color:%23ffb30d&#8221; use_theme_fonts=&#8221;yes&#8221; css=&#8221;.vc_custom_1724327977283{margin-bottom: 25px !important;padding-bottom: 30px !important;}&#8221;][\/vc_column][vc_column width=&#8221;1\/2&#8243;]<div class=\"pricing-wrapper\">\n  \t\t\t\t<div class=\"pricing-table active MinimalStyle\" >\n                    <div class=\"row pricing-title\">\n\t                   <h5 class=\"pricing-title-content\" >BASIC<\/h5>\n  \t\t\t\t\t<\/div><div class=\"pricing-img\"><i class=\"\" style=\"\"><\/i> <\/div><div class=\"row pricing\"><div class=\"pricing-options-container MinimalStyle\" ><div class=\"pricing-row\"><span class=\"pricing-value\"><span class=\"pricing-option pricing-opt-check-icon\"><i class=\"fas fa-check\"><\/i><span class=\"pricing-option-text default-plan\">Auditoria de Conformidade Legal Inicial<\/span><span class=\"pricing-option-text secondary-plan\">Auditoria de Conformidade Legal Inicial<\/span><\/span><\/span><\/div><div class=\"pricing-row\"><span class=\"pricing-value\"><span class=\"pricing-option pricing-opt-check-icon\"><i class=\"fas fa-check\"><\/i><span class=\"pricing-option-text default-plan\">Configura\u00e7\u00e3o da Aplica\u00e7\u00e3o<\/span><span class=\"pricing-option-text secondary-plan\">Configura\u00e7\u00e3o da Aplica\u00e7\u00e3o<\/span><\/span><\/span><\/div><div class=\"pricing-row\"><span class=\"pricing-value\"><span class=\"pricing-option pricing-opt-check-icon\"><i class=\"fas fa-check\"><\/i><span class=\"pricing-option-text default-plan\">Forma\u00e7\u00e3o Funcionamento da App<\/span><span class=\"pricing-option-text secondary-plan\">Forma\u00e7\u00e3o Funcionamento da App<\/span><\/span><\/span><\/div><div class=\"pricing-row\"><span class=\"pricing-value\"><span class=\"pricing-option pricing-opt-check-icon\"><i class=\"fas fa-check\"><\/i><span class=\"pricing-option-text default-plan\">Monitoriza\u00e7\u00e3o dos Requisitos Legais<\/span><span class=\"pricing-option-text secondary-plan\">Monitoriza\u00e7\u00e3o dos Requisitos Legais<\/span><\/span><\/span><\/div><div class=\"pricing-row\"><span class=\"pricing-value\"><span class=\"pricing-option pricing-opt-check-icon\"><i class=\"fas fa-check\"><\/i><span class=\"pricing-option-text default-plan\">Suporte T\u00e9cnico por e-mail<\/span><span class=\"pricing-option-text secondary-plan\">Suporte T\u00e9cnico por e-mail<\/span><\/span><\/span><\/div><div class=\"pricing-row\"><span class=\"pricing-value\"><span class=\"pricing-option pricing-opt-x-icon\"><i class=\"fas fa-times\"><\/i><span class=\"pricing-option-text default-plan\">Suporte T\u00e9cnico com visitas peri\u00f3dicas<\/span><span class=\"pricing-option-text secondary-plan\">Suporte T\u00e9cnico com visitas peri\u00f3dicas<\/span><\/span><\/span><\/div><div class=\"pricing-row\"><span class=\"pricing-value\"><span class=\"pricing-option pricing-opt-x-icon\"><i class=\"fas fa-times\"><\/i><span class=\"pricing-option-text default-plan\">Acompanhamento e Atualiza\u00e7\u00e3o da Informa\u00e7\u00e3o<\/span><span class=\"pricing-option-text secondary-plan\">Acompanhamento e Atualiza\u00e7\u00e3o da Informa\u00e7\u00e3o<\/span><\/span><\/span><\/div><div class=\"pricing-row\"><span class=\"pricing-value\"><span class=\"pricing-option pricing-opt-x-icon\"><i class=\"fas fa-times\"><\/i><span class=\"pricing-option-text default-plan\">Forma\u00e7\u00e3o Requisitos Legais<\/span><span class=\"pricing-option-text secondary-plan\">Forma\u00e7\u00e3o Requisitos Legais<\/span><\/span><\/span><\/div><\/div><\/div>\n\t         <\/div><\/div>[\/vc_column][vc_column width=&#8221;1\/2&#8243;]<div class=\"pricing-wrapper\">\n  \t\t\t\t<div class=\"pricing-table active MinimalStyle\" >\n                    <div class=\"row pricing-title\">\n\t                   <h5 class=\"pricing-title-content\" >PREMIUM<\/h5>\n  \t\t\t\t\t<\/div><div class=\"pricing-img\"><i class=\"\" style=\"\"><\/i> <\/div><div class=\"row pricing\"><div class=\"pricing-options-container MinimalStyle\" ><div class=\"pricing-row\"><span class=\"pricing-value\"><span class=\"pricing-option pricing-opt-check-icon\"><i class=\"fas fa-check\"><\/i><span class=\"pricing-option-text default-plan\">Auditoria de Conformidade Legal Inicial<\/span><span class=\"pricing-option-text secondary-plan\">Auditoria de Conformidade Legal Inicial<\/span><\/span><\/span><\/div><div class=\"pricing-row\"><span class=\"pricing-value\"><span class=\"pricing-option pricing-opt-check-icon\"><i class=\"fas fa-check\"><\/i><span class=\"pricing-option-text default-plan\">Configura\u00e7\u00e3o da Aplica\u00e7\u00e3o<\/span><span class=\"pricing-option-text secondary-plan\">Configura\u00e7\u00e3o da Aplica\u00e7\u00e3o<\/span><\/span><\/span><\/div><div class=\"pricing-row\"><span class=\"pricing-value\"><span class=\"pricing-option pricing-opt-check-icon\"><i class=\"fas fa-check\"><\/i><span class=\"pricing-option-text default-plan\">Forma\u00e7\u00e3o Funcionamento da App<\/span><span class=\"pricing-option-text secondary-plan\">Forma\u00e7\u00e3o Funcionamento da App<\/span><\/span><\/span><\/div><div class=\"pricing-row\"><span class=\"pricing-value\"><span class=\"pricing-option pricing-opt-check-icon\"><i class=\"fas fa-check\"><\/i><span class=\"pricing-option-text default-plan\">Monitoriza\u00e7\u00e3o dos Requisitos Legais<\/span><span class=\"pricing-option-text secondary-plan\">Monitoriza\u00e7\u00e3o dos Requisitos Legais<\/span><\/span><\/span><\/div><div class=\"pricing-row\"><span class=\"pricing-value\"><span class=\"pricing-option pricing-opt-check-icon\"><i class=\"fas fa-check\"><\/i><span class=\"pricing-option-text default-plan\">Suporte T\u00e9cnico por e-mail<\/span><span class=\"pricing-option-text secondary-plan\">Suporte T\u00e9cnico por e-mail<\/span><\/span><\/span><\/div><div class=\"pricing-row\"><span class=\"pricing-value\"><span class=\"pricing-option pricing-opt-check-icon\"><i class=\"fas fa-check\"><\/i><span class=\"pricing-option-text default-plan\">Suporte T\u00e9cnico com visitas peri\u00f3dicas<\/span><span class=\"pricing-option-text secondary-plan\">Suporte T\u00e9cnico com visitas peri\u00f3dicas<\/span><\/span><\/span><\/div><div class=\"pricing-row\"><span class=\"pricing-value\"><span class=\"pricing-option pricing-opt-check-icon\"><i class=\"fas fa-check\"><\/i><span class=\"pricing-option-text default-plan\">Acompanhamento e Atualiza\u00e7\u00e3o da Informa\u00e7\u00e3o<\/span><span class=\"pricing-option-text secondary-plan\">Acompanhamento e Atualiza\u00e7\u00e3o da Informa\u00e7\u00e3o<\/span><\/span><\/span><\/div><div class=\"pricing-row\"><span class=\"pricing-value\"><span class=\"pricing-option pricing-opt-check-icon\"><i class=\"fas fa-check\"><\/i><span class=\"pricing-option-text default-plan\">Forma\u00e7\u00e3o Requisitos Legais<\/span><span class=\"pricing-option-text secondary-plan\">Forma\u00e7\u00e3o Requisitos Legais<\/span><\/span><\/span><\/div><\/div><\/div>\n\t         <\/div><\/div>[\/vc_column][\/vc_row][vc_section][vc_row full_width=&#8221;stretch_row&#8221; kd_bottom_separator_style=&#8221;rounded-up&#8221; kd_bottom_separator_height=&#8221;separator-height-small&#8221; kd_bottom_separator=&#8221;true&#8221; css=&#8221;.vc_custom_1726743016857{padding-top: 40px !important;padding-bottom: 040px !important;background-color: #f3f3f3 !important;}&#8221;][vc_column width=&#8221;1\/2&#8243;][vc_column_text css=&#8221;&#8221;]<\/p>\n<h3>Are you looking for a tailor-made solution?<\/h3>\n<h5>What are your compliance requirements?<br \/>\nSchedule a meeting with our team and find out how we can help you.<\/h5>\n<p>[\/vc_column_text][vc_empty_space height=&#8221;50px&#8221;]<a style=\"width: full width;\" href=\"https:\/\/meetings.engagebay.com\/trc\"  target=\"_blank\"  title=\"\" class=\"tt_button tt_primary_button btn_primary_color  pull-left button-action-link\" ><span class=\"prim_text\">Book a meeting<\/span><\/a>[\/vc_column][vc_column width=&#8221;1\/2&#8243;][vc_column_text css=&#8221;&#8221;]\n            <script>\n                var EhAPI = EhAPI || {}; \n                EhAPI.after_load = function() {\n                    EhAPI.set_account('eh6olq0pp3tufv411091qol430', 'trcompliance');\n                    EhAPI.execute('rules');\n                };\n                (function(d, s, f) {\n                    var sc = document.createElement(s);\n                    sc.type = 'text\/javascript';\n                    sc.async = true;\n                    sc.src = f;\n                    var m = document.getElementsByTagName(s)[0];\n                    m.parentNode.insertBefore(sc, m);   \n                })(document, 'script', '\/\/d2p078bqz5urf7.cloudfront.net\/jsapi\/ehform.js');\n            <\/script>\n            <script>\n                function waitForEhForms() {\n                    const interval = 100; \/\/ Check every 100ms\n                    const checkAndLoad = () => {\n                        const params = new URLSearchParams(window.location.search);\n                        const elementorPreviewParam = params.get('elementor-preview');\n                        if (elementorPreviewParam && typeof EhForms !== 'undefined' && typeof EhForms.loadForms === 'function') {\n                            EhForms.loadForms();\n                            console.log('EhForms.loadForms() called successfully.');\n                        } else {\n                            setTimeout(checkAndLoad, interval);\n                        }\n                    };\n                    checkAndLoad();\n                }\n                \/\/ Call the function\n                waitForEhForms();\n            <\/script>\n        <div class='engage-hub-form-embed' id='eh_form_6299244750438400' data-id='6299244750438400'><\/div>[\/vc_column_text][\/vc_column][\/vc_row][\/vc_section]<\/p>\n<\/div>","protected":false},"excerpt":{"rendered":"<p>[vc_row full_width=&#8221;stretch_row&#8221; css=&#8221;.vc_custom_1724261799906{padding-top: 120px !important;padding-bottom: 120px !important;background-image: url(https:\/\/trcompliance.com\/wp-content\/uploads\/2024\/08\/22852415_xxl-scaled.jpg?id=7673) !important;background-position: center !important;background-repeat: no-repeat !important;background-size: cover !important;}&#8221; el_class=&#8221;under-menu-topbar&#8221;][vc_column offset=&#8221;vc_col-lg-offset-0 vc_col-md-offset-0 vc_col-sm-offset-0 vc_col-xs-offset-2 [&hellip;]<\/p>\n","protected":false},"author":1,"featured_media":0,"parent":0,"menu_order":0,"comment_status":"closed","ping_status":"closed","template":"","meta":{"footnotes":""},"class_list":["post-8111","page","type-page","status-publish","hentry"],"aioseo_notices":[],"_links":{"self":[{"href":"https:\/\/trcompliance.com\/en\/wp-json\/wp\/v2\/pages\/8111","targetHints":{"allow":["GET"]}}],"collection":[{"href":"https:\/\/trcompliance.com\/en\/wp-json\/wp\/v2\/pages"}],"about":[{"href":"https:\/\/trcompliance.com\/en\/wp-json\/wp\/v2\/types\/page"}],"author":[{"embeddable":true,"href":"https:\/\/trcompliance.com\/en\/wp-json\/wp\/v2\/users\/1"}],"replies":[{"embeddable":true,"href":"https:\/\/trcompliance.com\/en\/wp-json\/wp\/v2\/comments?post=8111"}],"version-history":[{"count":0,"href":"https:\/\/trcompliance.com\/en\/wp-json\/wp\/v2\/pages\/8111\/revisions"}],"wp:attachment":[{"href":"https:\/\/trcompliance.com\/en\/wp-json\/wp\/v2\/media?parent=8111"}],"curies":[{"name":"wp","href":"https:\/\/api.w.org\/{rel}","templated":true}]}}