{"id":8093,"date":"2024-08-20T10:43:07","date_gmt":"2024-08-20T10:43:07","guid":{"rendered":"https:\/\/trcompliance.com\/facility-compliance\/"},"modified":"2025-05-10T11:47:56","modified_gmt":"2025-05-10T11:47:56","slug":"facility-compliance","status":"publish","type":"page","link":"https:\/\/trcompliance.com\/en\/facility-compliance\/","title":{"rendered":"Facility Compliance"},"content":{"rendered":"<div class=\"wpb-content-wrapper\"><p>[vc_row full_width=&#8221;stretch_row&#8221; parallax=&#8221;content-moving&#8221; css=&#8221;.vc_custom_1555675311752{margin-top: -75px !important;padding-top: 50px !important;padding-bottom: 85px !important;}&#8221;][vc_column css=&#8221;.vc_custom_1516106070544{padding-right: 0px !important;padding-left: 0px !important;}&#8221;][vc_row_inner][vc_column_inner css=&#8221;.vc_custom_1516106746836{padding-right: 0px !important;}&#8221;]\n            <div class=\"sliding_box_parent row kd-slidingbox-6a09b90c46412 \"><div class=\"sliding_box_child active-elem\" >\n                <div class=\"sb-image\"><img loading=\"lazy\" decoding=\"async\" width=\"2560\" height=\"1707\" src=\"https:\/\/trcompliance.com\/wp-content\/uploads\/2024\/08\/22852415_xxl-scaled.jpg\" class=\"attachment-full\" alt=\"\" title=\"engineer with the piping of an industrial waste water cleaning f\" srcset=\"https:\/\/trcompliance.com\/wp-content\/uploads\/2024\/08\/22852415_xxl-scaled.jpg 2560w, https:\/\/trcompliance.com\/wp-content\/uploads\/2024\/08\/22852415_xxl-300x200.jpg 300w, https:\/\/trcompliance.com\/wp-content\/uploads\/2024\/08\/22852415_xxl-1024x683.jpg 1024w, https:\/\/trcompliance.com\/wp-content\/uploads\/2024\/08\/22852415_xxl-768x512.jpg 768w, https:\/\/trcompliance.com\/wp-content\/uploads\/2024\/08\/22852415_xxl-1536x1024.jpg 1536w, https:\/\/trcompliance.com\/wp-content\/uploads\/2024\/08\/22852415_xxl-2048x1365.jpg 2048w\" sizes=\"auto, (max-width: 2560px) 100vw, 2560px\" \/><\/div>\n                <div class=\"sb_content_wrapper\" ><h3 >SaaS TRC Facilities<\/h3><p >A digital platform to know, review and keep updated your facilities legally register<\/p><div class=\"sb-btncontainer\"><a href=\"https:\/\/trcompliance.com\/ehs-compliance\/\"  target=\"_self\"  title=\"TRC Facilities \u2013 EHS Legal Compliance\" class=\"tt_button tt_primary_button \">Learn More<\/a><\/div><\/div>\n            <\/div><div class=\"sliding_box_child\" >\n                <div class=\"sb-image\"><img loading=\"lazy\" decoding=\"async\" width=\"2560\" height=\"1707\" src=\"https:\/\/trcompliance.com\/wp-content\/uploads\/2024\/08\/20659154_xxl-scaled.jpg\" class=\"attachment-full\" alt=\"\" title=\"20659154_xxl\" srcset=\"https:\/\/trcompliance.com\/wp-content\/uploads\/2024\/08\/20659154_xxl-scaled.jpg 2560w, https:\/\/trcompliance.com\/wp-content\/uploads\/2024\/08\/20659154_xxl-300x200.jpg 300w, https:\/\/trcompliance.com\/wp-content\/uploads\/2024\/08\/20659154_xxl-1024x683.jpg 1024w, https:\/\/trcompliance.com\/wp-content\/uploads\/2024\/08\/20659154_xxl-768x512.jpg 768w, https:\/\/trcompliance.com\/wp-content\/uploads\/2024\/08\/20659154_xxl-1536x1024.jpg 1536w, https:\/\/trcompliance.com\/wp-content\/uploads\/2024\/08\/20659154_xxl-2048x1365.jpg 2048w\" sizes=\"auto, (max-width: 2560px) 100vw, 2560px\" \/><\/div>\n                <div class=\"sb_content_wrapper\" ><h3 >Permits<\/h3><p >Access detailed information about licensing on our dedicated website.<\/p><div class=\"sb-btncontainer\"><a href=\"http:\/\/licenciamentos.eu\/\"  target=\"_blank\"  title=\"\" class=\"tt_button tt_primary_button \">Learn More<\/a><\/div><\/div>\n            <\/div><div class=\"sliding_box_child\" >\n                <div class=\"sb-image\"><img loading=\"lazy\" decoding=\"async\" width=\"2560\" height=\"1238\" src=\"https:\/\/trcompliance.com\/wp-content\/uploads\/2024\/08\/184079456_l-scaled.jpg\" class=\"attachment-full\" alt=\"\" title=\"184079456_l\" srcset=\"https:\/\/trcompliance.com\/wp-content\/uploads\/2024\/08\/184079456_l-scaled.jpg 2560w, https:\/\/trcompliance.com\/wp-content\/uploads\/2024\/08\/184079456_l-300x145.jpg 300w, https:\/\/trcompliance.com\/wp-content\/uploads\/2024\/08\/184079456_l-1024x495.jpg 1024w, https:\/\/trcompliance.com\/wp-content\/uploads\/2024\/08\/184079456_l-768x371.jpg 768w, https:\/\/trcompliance.com\/wp-content\/uploads\/2024\/08\/184079456_l-1536x743.jpg 1536w, https:\/\/trcompliance.com\/wp-content\/uploads\/2024\/08\/184079456_l-2048x990.jpg 2048w\" sizes=\"auto, (max-width: 2560px) 100vw, 2560px\" \/><\/div>\n                <div class=\"sb_content_wrapper\" ><h3 >CBAM<\/h3><p >What you need to know to comply with CBAM<\/p><div class=\"sb-btncontainer\"><a href=\"https:\/\/trcompliance.com\/cbam-mecanismo-de-ajustamento-carbonico-fronteirico\/\"  target=\"_self\"  title=\"CBAM | Carbon Border Adjustment Mechanism\" class=\"tt_button tt_primary_button \">Learn More<\/a><\/div><\/div>\n            <\/div><\/div><script type=\"text\/javascript\">\n              jQuery(document).ready(function($){\n                if ($(\".sliding_box_parent.kd-slidingbox-6a09b90c46412\").length) {\n                  $(\".kd-slidingbox-6a09b90c46412 .sliding_box_child\").on(\"mouseenter\", function() {\n                    $(\".kd-slidingbox-6a09b90c46412 .sliding_box_child\").removeClass(\"active-elem\");\n                    $(this).addClass(\"active-elem\");\n                  });\n                }\n              });\n            <\/script>[\/vc_column_inner][\/vc_row_inner][vc_row_inner css=&#8221;.vc_custom_1539614577908{padding-top: 60px !important;}&#8221;][vc_column_inner width=&#8221;1\/6&#8243;]<div class=\"key-icon-box icon-default icon-top cont-center ib-no-effect  kd-animated fadeInUp\" style=\"background-color: transparent;\" data-animation-delay=200><i class=\"fas fa-balance-scale\" style=\" \"><\/i> <h6 class=\"service-heading\" >Legal Compliance<\/h6><\/div>[\/vc_column_inner][vc_column_inner width=&#8221;1\/6&#8243;]<div class=\"key-icon-box icon-default icon-top cont-center ib-no-effect  kd-animated fadeInUp\" style=\"background-color: transparent;\" data-animation-delay=200><i class=\"fas fa-exclamation-triangle\" style=\" \"><\/i> <h6 class=\"service-heading\" >Risk Management<\/h6><\/div>[\/vc_column_inner][vc_column_inner width=&#8221;1\/6&#8243;]<div class=\"key-icon-box icon-default icon-top cont-center ib-no-effect  kd-animated fadeInUp\" style=\"background-color: transparent;\" data-animation-delay=200><i class=\"iconsmind-Factory iconsmind-Buildings-Landmarks\" style=\" \"><\/i> <h6 class=\"service-heading\" >Permits<\/h6><\/div>[\/vc_column_inner][vc_column_inner width=&#8221;1\/6&#8243;]<div class=\"key-icon-box icon-default icon-top cont-center ib-no-effect  kd-animated fadeInUp\" style=\"background-color: transparent;\" data-animation-delay=200><i class=\"iconsmind-Environmental-3 iconsmind-Nature\" style=\" \"><\/i> <h6 class=\"service-heading\" >Environmental Impact Studies<\/h6><\/div>[\/vc_column_inner][vc_column_inner width=&#8221;1\/6&#8243;]<div class=\"key-icon-box icon-default icon-top cont-center ib-no-effect  kd-animated fadeInUp\" style=\"background-color: transparent;\" data-animation-delay=200><i class=\"fas fa-hands-helping\" style=\" \"><\/i> <h6 class=\"service-heading\" >Technical Consultancy<\/h6><\/div>[\/vc_column_inner][vc_column_inner width=&#8221;1\/6&#8243;]<div class=\"key-icon-box icon-default icon-top cont-center ib-no-effect  kd-animated fadeInUp\" style=\"background-color: transparent;\" data-animation-delay=200><i class=\"fas fa-chalkboard-teacher\" style=\" \"><\/i> <h6 class=\"service-heading\" >Training<\/h6><\/div>[\/vc_column_inner][\/vc_row_inner][\/vc_column][\/vc_row][vc_row full_width=&#8221;stretch_row&#8221; css=&#8221;.vc_custom_1536143458963{padding-top: 100px !important;padding-bottom: 100px !important;background-color: #f3f3f3 !important;}&#8221;][vc_column][vc_custom_heading text=&#8221;Our Facility Compliance Services&#8221; use_theme_fonts=&#8221;yes&#8221; css=&#8221;.vc_custom_1726751214966{margin-bottom: 25px !important;padding-top: 40px !important;}&#8221;][vc_tta_tabs active_section=&#8221;1&#8243; css=&#8221;.vc_custom_1555676595790{margin-top: -1px !important;}&#8221;][vc_tta_section i_type=&#8221;linecons&#8221; i_icon_linecons=&#8221;vc_li vc_li-paperplane&#8221; add_icon=&#8221;true&#8221; title=&#8221;Construction &amp; Expansion&#8221; tab_id=&#8221;1488725417825-2758920e-e7efd3eb-d2400966-8526&#8243;][vc_row_inner css=&#8221;.vc_custom_1536153128553{padding-top: 80px !important;padding-bottom: 80px !important;}&#8221;][vc_column_inner css=&#8221;.vc_custom_1541432789170{padding-right: 100px !important;}&#8221; offset=&#8221;vc_col-lg-8&#8243;][vc_toggle title=&#8221;Permit Application Support&#8221; css_animation=&#8221;none&#8221; css=&#8221;&#8221;]TRC has a team specialised in licensing that can assist you in the preparation of the necessary documents for the submission of the application and subsequent technical follow-up with the official authorities until the respective licence is granted.[\/vc_toggle][vc_toggle title=&#8221;Regulatory Framework&#8221; css_animation=&#8221;none&#8221; css=&#8221;&#8221; el_id=&#8221;1486465455111-0cc2408f-96b7&#8243;]The regulatory framework service for the construction or expansion of a new unit is essential to ensure compliance with all applicable regulations and standards. This process involves analysing environmental, safety and zoning regulations to ensure that the project complies with the applicable legal requirements. In this way, all regulatory requirements are met and the environmental and occupational risks of the activity are minimised.[\/vc_toggle][vc_toggle title=&#8221;Environmental Due Diligence&#8221; css_animation=&#8221;none&#8221; css=&#8221;&#8221; el_id=&#8221;1489502905563-e29b0d23-e63e&#8221;]Environmental Due Diligence is a process of analysing information and documents to verify the compliance of a company, project or <em>brownfield <\/em>with good environmental practices and legal requirements in force.[\/vc_toggle][vc_toggle title=&#8221;Environmental Impact Assessment&#8221; css_animation=&#8221;none&#8221; css=&#8221;&#8221; el_id=&#8221;1489502905062-f32a7618-e6e0&#8243;]TRC has a multidisciplinary team that can assist you in preparing the Environmental Impact Assessment (EIA) for your project and provide technical support throughout the entire EIA process.[\/vc_toggle][vc_toggle title=&#8221;EIA Post-Assessment Audit&#8221; css_animation=&#8221;none&#8221; css=&#8221;&#8221;]A Post-Assessment Audit verifies, after the implementation of a project, compliance with the conditions of Environmental Decisions, such as the DIA or DCAPE. It is mandatory, requested by the EIA authority, and must be conducted by a verifier qualified by the APA, which TRC integrates into its team.[\/vc_toggle][vc_toggle title=&#8221;EIA Post-Assessment Audit&#8221; css_animation=&#8221;none&#8221; css=&#8221;&#8221;]A Post-Assessment Audit verifies, after the implementation of a project, compliance with the conditions of Environmental Decisions, such as the DIA or DCAPE. It is mandatory, requested by the EIA authority, and must be conducted by a verifier qualified by the APA, which TRC integrates into its team.[\/vc_toggle][\/vc_column_inner][vc_column_inner offset=&#8221;vc_col-lg-4&#8243;]<header class=\"kd-section-title col-lg-12 text-left     vc_custom_1723630915364\" ><h3 class=\"separator_off\" >Construction &amp; Expansion Phase<\/h3><h6 class=\"subtitle \" >Plan the construction or expansion of your infrastructure by understanding the applicable legal requirements and minimising the risk to the unit and its future compliance.<\/h6><\/header>[vc_empty_space height=&#8221;10px&#8221;]<a  href=\"https:\/\/meetings.engagebay.com\/trc\"  target=\"_blank\"  title=\"\" class=\"tt_button tt_primary_button btn_primary_color  pull-left button-action-link\" ><span class=\"prim_text\">Book a meeting<\/span><\/a>[\/vc_column_inner][\/vc_row_inner][\/vc_tta_section][vc_tta_section i_type=&#8221;linecons&#8221; i_icon_linecons=&#8221;vc_li vc_li-settings&#8221; add_icon=&#8221;true&#8221; title=&#8221;Operation&#8221; tab_id=&#8221;1489503964921-3acbdde1-0dcfd3eb-d2400966-8526&#8243;][vc_row_inner css=&#8221;.vc_custom_1536153133969{padding-top: 80px !important;padding-bottom: 80px !important;}&#8221;][vc_column_inner css=&#8221;.vc_custom_1541432793273{padding-right: 100px !important;}&#8221; offset=&#8221;vc_col-lg-8&#8243;][vc_toggle title=&#8221;Legal Compliance Audit&#8221; css_animation=&#8221;none&#8221; css=&#8221;&#8221; el_id=&#8221;1489503965078-f3a803ee-ee0e&#8221;]Know what are the regulations that applies to your project[\/vc_toggle][vc_toggle title=&#8221;SaaS TRC Facilities | Legal Compliance Management&#8221; css_animation=&#8221;none&#8221; css=&#8221;&#8221; el_id=&#8221;1489503965135-7fd256e5-cb3a&#8221;]Know what are the regulations that applies to your project[\/vc_toggle][vc_toggle title=&#8221;Environmental Risk Assessment &amp; Management&#8221; css_animation=&#8221;none&#8221; css=&#8221;&#8221; el_id=&#8221;1489503965197-ebede312-68b5&#8243;]Know what are the regulations that applies to your project[\/vc_toggle][vc_toggle title=&#8221;Technical Consultancy&#8221; css_animation=&#8221;none&#8221; css=&#8221;&#8221;]Know what are the regulations that applies to your project[\/vc_toggle][vc_toggle title=&#8221;Technical Training&#8221; css_animation=&#8221;none&#8221; css=&#8221;&#8221;]Know what are the regulations that applies to your project[\/vc_toggle][vc_toggle title=&#8221;EIA Post-Assessment Audit&#8221; css_animation=&#8221;none&#8221; css=&#8221;&#8221;]A Post-Assessment Audit verifies, after the implementation of a project, compliance with the conditions of Environmental Decisions, such as the DIA or DCAPE. It is mandatory, requested by the EIA authority, and must be conducted by a verifier qualified by the APA, which TRC integrates into its team.[\/vc_toggle][\/vc_column_inner][vc_column_inner offset=&#8221;vc_col-lg-4&#8243;]<header class=\"kd-section-title col-lg-12 text-left    \" ><h3 class=\"separator_off\" >Through Operational Phase<\/h3><h6 class=\"subtitle \" >Ensure the highest level of compliance for your facility.<\/p>\n<p>Access the legal requirements that apply to your facilities, assess your compliance and plan all compliance activities in a simple and intuitive way with the TRC Facilities app.<\/p>\n<p>The TRC team will provide all the necessary technical support through follow-up meetings and regular visits.<\/h6><\/header>[vc_empty_space height=&#8221;10px&#8221;]<a  href=\"https:\/\/meetings.engagebay.com\/trc\"  target=\"_blank\"  title=\"\" class=\"tt_button tt_primary_button btn_primary_color  pull-left button-action-link\" ><span class=\"prim_text\">Book a meeting<\/span><\/a>[\/vc_column_inner][\/vc_row_inner][\/vc_tta_section][vc_tta_section i_type=&#8221;linecons&#8221; i_icon_linecons=&#8221;vc_li vc_li-params&#8221; add_icon=&#8221;true&#8221; title=&#8221;Decommissioning&#8221; tab_id=&#8221;1489503963784-5b2be039-5ceed3eb-d2400966-8526&#8243;][vc_row_inner css=&#8221;.vc_custom_1536153139097{padding-top: 80px !important;padding-bottom: 80px !important;}&#8221;][vc_column_inner css=&#8221;.vc_custom_1541432797081{padding-right: 100px !important;}&#8221; offset=&#8221;vc_col-lg-8&#8243;][vc_toggle title=&#8221;Technical Consultancy&#8221; css_animation=&#8221;none&#8221; css=&#8221;&#8221; el_id=&#8221;1489503963926-38745a47-05f3&#8243;]Know what are the regulations that applies to your project[\/vc_toggle][vc_toggle title=&#8221;Deactivation Reports &amp; Communications&#8221; css_animation=&#8221;none&#8221; css=&#8221;&#8221; el_id=&#8221;1489503963972-96e7f4c2-8a42&#8243;]Know what are the regulations that applies to your project[\/vc_toggle][\/vc_column_inner][vc_column_inner offset=&#8221;vc_col-lg-4&#8243;]<header class=\"kd-section-title col-lg-12 text-left    \" ><h3 class=\"separator_off\" >Decommissioning phase<\/h3><h6 class=\"subtitle \" >The decommissioning phase refers to the process of closing down or dismantling a facility, whether industrial, agricultural or other.<\/p>\n<p>During this phase, measures are taken to minimise environmental impacts and ensure that dismantling is carried out properly.<\/h6><\/header>[vc_empty_space height=&#8221;10px&#8221;]<a  href=\"https:\/\/meetings.engagebay.com\/trc\"  target=\"_blank\"  title=\"\" class=\"tt_button tt_primary_button btn_primary_color  pull-left button-action-link\" ><span class=\"prim_text\">Book a meeting<\/span><\/a>[\/vc_column_inner][\/vc_row_inner][\/vc_tta_section][\/vc_tta_tabs][\/vc_column][\/vc_row][vc_row full_width=&#8221;stretch_row&#8221;][vc_column css=&#8221;.vc_custom_1516008460883{padding-right: 0px !important;padding-left: 0px !important;}&#8221;][vc_custom_heading text=&#8221;Our approach&#8221; use_theme_fonts=&#8221;yes&#8221; css=&#8221;.vc_custom_1723632750411{margin-bottom: 25px !important;padding-top: 40px !important;}&#8221;][vc_column_text css=&#8221;.vc_custom_1723641221304{padding-top: 30px !important;padding-bottom: 30px !important;}&#8221;]Naturally, each service has its own execution methodology. However, the way we approach each project has a common framework, which is briefly described in the diagram below.[\/vc_column_text]<div class=\"kd-timeline timeline-align-zigzag\">\r\n      \t\t\t\t<div class=\"timeline-line\" >\r\n      \t\t\t\t\t<div class=\"timeline-line-inner\"><\/div>\r\n      \t\t\t\t<\/div>\r\n      \t\t\t\t<div class=\"timeline-item\" >\r\n  \t\t\t\t    <div class=\"timeline-item-wrapper \" style=\"background-color: #ffb30d;\"><div class=\"timeline-content\"><h4 class=\"timeline-item-title\" style=\"color: #000000;\">NECESSIDADE CLIENTE<\/h4><p class=\"timeline-item-description\" >Identifica\u00e7\u00e3o das necessidades do cliente, expectativas, prazos, condicionantes.<br \/>\nAn\u00e1lise das alternativas e defini\u00e7\u00e3o da abordagem para as solu\u00e7\u00f5es propostas<\/p><\/div><\/div><div class=\"timeline-item-arrow\" style=\"border-color: #ffb30d;\"><\/div>\r\n              <div class=\"timeline-item-point\" style=\"background-color: #ffb30d;\"><i class=\"fab fa-wpexplorer\" ><\/i><\/div>\r\n      \t\t\t<\/div><div class=\"timeline-item\" >\r\n  \t\t\t\t    <div class=\"timeline-item-wrapper \" style=\"background-color: #ffb30d;\"><div class=\"timeline-content\"><h4 class=\"timeline-item-title\" style=\"color: #000000;\">APRESENTA\u00c7\u00c3O PROPOSTA<\/h4><p class=\"timeline-item-description\" >Em resultado das necessidades identificadas e das solu\u00e7\u00f5es apresentadas \u00e9 preparada uma proposta que detalha a metodologia de trabalhos, prazos de execu\u00e7\u00e3o, or\u00e7amento e condicionantes que podem afetar o trabalho.<\/p><\/div><\/div><div class=\"timeline-item-arrow\" style=\"border-color: #ffb30d;\"><\/div>\r\n              <div class=\"timeline-item-point\" style=\"background-color: #ffb30d;\"><i class=\"fas fa-file-invoice\" ><\/i><\/div>\r\n      \t\t\t<\/div><div class=\"timeline-item\" >\r\n  \t\t\t\t    <div class=\"timeline-item-wrapper \" style=\"background-color: #ffb30d;\"><div class=\"timeline-content\"><h4 class=\"timeline-item-title\" style=\"color: #000000;\">PLANEAMENTO DO TRABALHO<\/h4><p class=\"timeline-item-description\" >No arranque do projeto \u00e9 definido um gestor de projeto que ir\u00e1 coordenar todo o trabalho e ser o ponto de refer\u00eancia entre as equipas da TRC e do cliente. Todo o trabalho \u00e9 de seguida planeado em ferramenta de gest\u00e3o de projecto com todas as tarefas, definidos os respons\u00e1veis e prazos de execu\u00e7\u00e3o sendo toda a informa\u00e7\u00e3o trocada e gerida a partir da ferramenta assegurando que toda a informa\u00e7\u00e3o se encontra dispon\u00edvel, centralizada e facilmente acess\u00edvel a cada parte.<\/p><\/div><\/div><div class=\"timeline-item-arrow\" style=\"border-color: #ffb30d;\"><\/div>\r\n              <div class=\"timeline-item-point\" style=\"background-color: #ffb30d;\"><i class=\"far fa-calendar-check\" ><\/i><\/div>\r\n      \t\t\t<\/div><div class=\"timeline-item\" >\r\n  \t\t\t\t    <div class=\"timeline-item-wrapper \" style=\"background-color: #ffb30d;\"><div class=\"timeline-content\"><h4 class=\"timeline-item-title\" style=\"color: #000000;\">EXECU\u00c7\u00c3O<\/h4><p class=\"timeline-item-description\" >Execu\u00e7\u00e3o dos Trabalhos de acordo com o cronograma definido.<br \/>\nComunica\u00e7\u00e3o com o cliente para acompanhamento da execu\u00e7\u00e3o e valida\u00e7\u00e3o progressiva das fases conclu\u00eddas.<\/p><\/div><\/div><div class=\"timeline-item-arrow\" style=\"border-color: #ffb30d;\"><\/div>\r\n              <div class=\"timeline-item-point\" style=\"background-color: #ffb30d;\"><i class=\"iconsmind-Check iconsmind-Interface\" ><\/i><\/div>\r\n      \t\t\t<\/div><div class=\"timeline-item\" >\r\n  \t\t\t\t    <div class=\"timeline-item-wrapper \" style=\"background-color: #ffb30d;\"><div class=\"timeline-content\"><h4 class=\"timeline-item-title\" style=\"color: #000000;\">ACOMPANHAMENTO<\/h4><p class=\"timeline-item-description\" >Ao longo dos trabalhos existe um acompanhamento dos mesmos de forma a assegurar o cumprimentos dos prazos, identificar eventuais constrangimentos e assegurar o envolvimento de todos os envolvidos para o sucesso do projeto. Para tal a informa\u00e7\u00e3o \u00e9 atualizada na plataforma de gest\u00e3o de projetos e atrav\u00e9s de reuni\u00f5es entre as equipas.<\/p><\/div><\/div><div class=\"timeline-item-arrow\" style=\"border-color: #ffb30d;\"><\/div>\r\n              <div class=\"timeline-item-point\" style=\"background-color: #ffb30d;\"><i class=\"fas fa-users-cog\" ><\/i><\/div>\r\n      \t\t\t<\/div><div class=\"timeline-item\" >\r\n  \t\t\t\t    <div class=\"timeline-item-wrapper \" style=\"background-color: #ffb30d;\"><div class=\"timeline-content\"><h4 class=\"timeline-item-title\" style=\"color: #000000;\">CONCLUS\u00c3O<\/h4><p class=\"timeline-item-description\" >Com a conclus\u00e3o do projeto \u00e9 efetuada uma an\u00e1lise a todo o processo de forma a identificar pr\u00e1ticas que podem ser melhoradas e pr\u00e1ticas que devem ser partilhadas e potenciadas nos projetos futuros, por forma a melhorar de forma cont\u00ednua e acrescentar valor ao cliente.<\/p><\/div><\/div><div class=\"timeline-item-arrow\" style=\"border-color: #ffb30d;\"><\/div>\r\n              <div class=\"timeline-item-point\" style=\"background-color: #ffb30d;\"><i class=\"iconsmind-Chacked-Flag iconsmind-Objects\" ><\/i><\/div>\r\n      \t\t\t<\/div>\r\n      \t\t\t<\/div>[\/vc_column][\/vc_row][vc_row full_width=&#8221;stretch_row&#8221; css=&#8221;.vc_custom_1723574183908{padding-top: 40px !important;padding-bottom: 040px !important;background-color: #f3f3f3 !important;}&#8221;][vc_column width=&#8221;1\/2&#8243;][vc_column_text css=&#8221;&#8221;]<\/p>\n<h3>Let&#8217;s talk?<\/h3>\n<h5>What are your compliance requirements?<br \/>\nSchedule a meeting with our team and find out how we can help you.<\/h5>\n<p>[\/vc_column_text][vc_empty_space height=&#8221;50px&#8221;]<a style=\"width: full width;\" href=\"https:\/\/meetings.engagebay.com\/trc\"  target=\"_blank\"  title=\"\" class=\"tt_button tt_primary_button btn_primary_color  pull-left button-action-link\" ><span class=\"prim_text\">Book a meeting<\/span><\/a>[\/vc_column][vc_column width=&#8221;1\/2&#8243;][vc_column_text css=&#8221;&#8221;]\n            <script>\n                var EhAPI = EhAPI || {}; \n                EhAPI.after_load = function() {\n                    EhAPI.set_account('eh6olq0pp3tufv411091qol430', 'trcompliance');\n                    EhAPI.execute('rules');\n                };\n                (function(d, s, f) {\n                    var sc = document.createElement(s);\n                    sc.type = 'text\/javascript';\n                    sc.async = true;\n                    sc.src = f;\n                    var m = document.getElementsByTagName(s)[0];\n                    m.parentNode.insertBefore(sc, m);   \n                })(document, 'script', '\/\/d2p078bqz5urf7.cloudfront.net\/jsapi\/ehform.js');\n            <\/script>\n            <script>\n                function waitForEhForms() {\n                    const interval = 100; \/\/ Check every 100ms\n                    const checkAndLoad = () => {\n                        const params = new URLSearchParams(window.location.search);\n                        const elementorPreviewParam = params.get('elementor-preview');\n                        if (elementorPreviewParam && typeof EhForms !== 'undefined' && typeof EhForms.loadForms === 'function') {\n                            EhForms.loadForms();\n                            console.log('EhForms.loadForms() called successfully.');\n                        } else {\n                            setTimeout(checkAndLoad, interval);\n                        }\n                    };\n                    checkAndLoad();\n                }\n                \/\/ Call the function\n                waitForEhForms();\n            <\/script>\n        <div class='engage-hub-form-embed' id='eh_form_6299244750438400' data-id='6299244750438400'><\/div>[\/vc_column_text][\/vc_column][\/vc_row]<\/p>\n<\/div>","protected":false},"excerpt":{"rendered":"<p>[vc_row full_width=&#8221;stretch_row&#8221; parallax=&#8221;content-moving&#8221; css=&#8221;.vc_custom_1555675311752{margin-top: -75px !important;padding-top: 50px !important;padding-bottom: 85px !important;}&#8221;][vc_column css=&#8221;.vc_custom_1516106070544{padding-right: 0px !important;padding-left: 0px !important;}&#8221;][vc_row_inner][vc_column_inner css=&#8221;.vc_custom_1516106746836{padding-right: 0px !important;}&#8221;][\/vc_column_inner][\/vc_row_inner][vc_row_inner css=&#8221;.vc_custom_1539614577908{padding-top: 60px [&hellip;]<\/p>\n","protected":false},"author":1,"featured_media":0,"parent":0,"menu_order":0,"comment_status":"closed","ping_status":"closed","template":"","meta":{"footnotes":""},"class_list":["post-8093","page","type-page","status-publish","hentry"],"aioseo_notices":[],"_links":{"self":[{"href":"https:\/\/trcompliance.com\/en\/wp-json\/wp\/v2\/pages\/8093","targetHints":{"allow":["GET"]}}],"collection":[{"href":"https:\/\/trcompliance.com\/en\/wp-json\/wp\/v2\/pages"}],"about":[{"href":"https:\/\/trcompliance.com\/en\/wp-json\/wp\/v2\/types\/page"}],"author":[{"embeddable":true,"href":"https:\/\/trcompliance.com\/en\/wp-json\/wp\/v2\/users\/1"}],"replies":[{"embeddable":true,"href":"https:\/\/trcompliance.com\/en\/wp-json\/wp\/v2\/comments?post=8093"}],"version-history":[{"count":0,"href":"https:\/\/trcompliance.com\/en\/wp-json\/wp\/v2\/pages\/8093\/revisions"}],"wp:attachment":[{"href":"https:\/\/trcompliance.com\/en\/wp-json\/wp\/v2\/media?parent=8093"}],"curies":[{"name":"wp","href":"https:\/\/api.w.org\/{rel}","templated":true}]}}